{"id":4672,"date":"2024-05-22T14:06:24","date_gmt":"2024-05-22T14:06:24","guid":{"rendered":"https:\/\/adusteeldoor.com.tr\/?page_id=4672"},"modified":"2024-05-30T13:36:56","modified_gmt":"2024-05-30T13:36:56","slug":"%d8%a7%d9%84%d9%85%d9%82%d8%a7%d9%84%d8%a7%d8%aa-%d9%88%d8%a7%d9%84%d8%a3%d8%ae%d8%a8%d8%a7%d8%b1","status":"publish","type":"page","link":"https:\/\/adusteeldoor.com.tr\/tr\/%d8%a7%d9%84%d9%85%d9%82%d8%a7%d9%84%d8%a7%d8%aa-%d9%88%d8%a7%d9%84%d8%a3%d8%ae%d8%a8%d8%a7%d8%b1\/","title":{"rendered":"Makaleler ve haberler"},"content":{"rendered":"<div data-elementor-type=\"wp-page\" data-elementor-id=\"4672\" class=\"elementor elementor-4672\">\n\t\t\t\t\t\t<section class=\"elementor-section elementor-top-section elementor-element elementor-element-209ce6a elementor-section-full_width elementor-section-stretched elementor-section-height-default elementor-section-height-default\" data-id=\"209ce6a\" data-element_type=\"section\" data-e-type=\"section\" data-settings=\"{&quot;stretch_section&quot;:&quot;section-stretched&quot;}\">\n\t\t\t\t\t\t<div class=\"elementor-container elementor-column-gap-default\">\n\t\t\t\t\t<div class=\"elementor-column elementor-col-100 elementor-top-column elementor-element elementor-element-1179a27\" data-id=\"1179a27\" data-element_type=\"column\" data-e-type=\"column\">\n\t\t\t<div class=\"elementor-widget-wrap elementor-element-populated\">\n\t\t\t\t\t\t<section class=\"elementor-section elementor-inner-section elementor-element elementor-element-f0d6b6c elementor-section-boxed elementor-section-height-default elementor-section-height-default\" data-id=\"f0d6b6c\" data-element_type=\"section\" data-e-type=\"section\">\n\t\t\t\t\t\t<div class=\"elementor-container elementor-column-gap-custom\">\n\t\t\t\t\t<div class=\"elementor-column elementor-col-33 elementor-inner-column elementor-element elementor-element-a49e156\" data-id=\"a49e156\" data-element_type=\"column\" data-e-type=\"column\">\n\t\t\t<div class=\"elementor-widget-wrap\">\n\t\t\t\t\t\t\t<\/div>\n\t\t<\/div>\n\t\t\t\t<div class=\"elementor-column elementor-col-33 elementor-inner-column elementor-element elementor-element-14598c9\" data-id=\"14598c9\" data-element_type=\"column\" data-e-type=\"column\">\n\t\t\t<div class=\"elementor-widget-wrap elementor-element-populated\">\n\t\t\t\t\t\t<div class=\"elementor-element elementor-element-1cae33c elementor-widget elementor-widget-tf-heading-section\" data-id=\"1cae33c\" data-element_type=\"widget\" data-e-type=\"widget\" data-widget_type=\"tf-heading-section.default\">\n\t\t\t\t<div class=\"elementor-widget-container\">\n\t\t\t\t\t<div id=\"tf-heading-section-1cae33c\" class=\"tf-heading-section\" data-tabid=\"1cae33c\"> \r\n\t\t\t\t\r\n\t\t\t\t<div class=\"heading-section\">\r\n\t\t\t\t\t\r\n\t\t\t\t\t<h2 class=\"heading\">Addo kap\u0131lar \u015firketi<\/h2>\r\n\t\t\t\t\t<div class=\"sub-title\"><p>Sanayi kenti Kayseri&#039;de \u0666 bin metrekarelik alanda konut ve ticari binalar i\u00e7in z\u0131rhl\u0131 kap\u0131 imalat\u0131nda lider bir firma olup, yerel ve uluslararas\u0131 d\u00fczeyde rakip firmalardan biridir<\/p><\/div>\r\n\t\t\t\t<\/div>                \r\n            <\/div>\t\t\t\t<\/div>\n\t\t\t\t<\/div>\n\t\t\t\t\t<\/div>\n\t\t<\/div>\n\t\t\t\t<div class=\"elementor-column elementor-col-33 elementor-inner-column elementor-element elementor-element-72b137c\" data-id=\"72b137c\" data-element_type=\"column\" data-e-type=\"column\">\n\t\t\t<div class=\"elementor-widget-wrap\">\n\t\t\t\t\t\t\t<\/div>\n\t\t<\/div>\n\t\t\t\t\t<\/div>\n\t\t<\/section>\n\t\t\t\t\t<\/div>\n\t\t<\/div>\n\t\t\t\t\t<\/div>\n\t\t<\/section>\n\t\t\t\t<section class=\"elementor-section elementor-top-section elementor-element elementor-element-25b7628 elementor-section-stretched elementor-section-boxed elementor-section-height-default elementor-section-height-default tf-parallax-no\" data-id=\"25b7628\" data-element_type=\"section\" data-e-type=\"section\" data-settings=\"{&quot;stretch_section&quot;:&quot;section-stretched&quot;,&quot;background_background&quot;:&quot;classic&quot;}\">\n\t\t\t\t\t\t<div class=\"elementor-container elementor-column-gap-no\">\n\t\t\t\t\t<div class=\"elementor-column elementor-col-100 elementor-top-column elementor-element elementor-element-dcf0f27\" data-id=\"dcf0f27\" data-element_type=\"column\" data-e-type=\"column\">\n\t\t\t<div class=\"elementor-widget-wrap elementor-element-populated\">\n\t\t\t\t\t\t<div class=\"elementor-element elementor-element-379d016 elementor-widget elementor-widget-tfposts\" data-id=\"379d016\" data-element_type=\"widget\" data-e-type=\"widget\" data-widget_type=\"tfposts.default\">\n\t\t\t\t<div class=\"elementor-widget-container\">\n\t\t\t\t\t\t\t\t<div id=\"tf-posts-379d016\" class=\"tf-posts style2 column-3 tablet-column-1 mobile-column-1 no-carousel\" data-tabid=\"379d016\" data-loop=\"\" data-auto=\"\" data-column=\"\" data-column2=\"\" data-column3=\"\" data-prev_icon=\"\" data-next_icon=\"\" data-arrow=\"\" data-bullets=\"\" >\r\n\t\t\t\t\t\t\t\t\t\t\t\t\t\t\t\r\n\t\t\t\t\t\t<div class=\"item\">\r\n\t\t\t\t\t\t\t<div class=\"entry blog-post\">\r\n\t\t\t\t\t\t\t\t\t\t\t\t\t\t\t\t\r\n\t\t\t\t\t\t\t\t\t<div class=\"featured-post\">\r\n\t\t\t\t\t\t\t\t\t\t<a href=\"https:\/\/adusteeldoor.com.tr\/tr\/%d8%a7%d9%84%d8%a3%d8%a8%d9%88%d8%a7%d8%a8-%d8%a7%d9%84%d9%85%d8%b5%d9%81%d8%ad%d8%a9-%d9%88%d8%a3%d9%87%d9%85%d9%8a%d8%aa%d9%87%d8%a7-%d9%81%d9%8a-%d8%aa%d8%a3%d9%85%d9%8a%d9%86-%d8%a7%d9%84%d9%85\/\">\r\n\t\t\t\t\t\t\t\t\t\t\t<img decoding=\"async\" src=\"https:\/\/adusteeldoor.com.tr\/wp-content\/uploads\/2022\/04\/post1-min-1024x692-1.jpg\" alt=\"image\">\t\t\t\t\t\t\t\t\t\t\t<span class=\"blog-plus\"><\/span>\r\n\t\t\t\t\t\t\t\t\t\t<\/a>\r\n\t\t\t\t\t\t\t\t\t<\/div>\r\n\t\t\t\t\t\t\t\t\t\t\t\t\t\t\t\t\r\n\t\t\t\t\t\t\t\t<div class=\"content\">\r\n\t\t\t\t\t\t\t\t\t\t\t\t\t\t\t\t\t\t\t\t\r\n\t\t\t\t\t\t\t\t\t\t\t\r\n\t\t\t\t\t\t\t\t\t\t\t\r\n\r\n\t\t\t\t\t\t\t\t\t\t\t\t\t\t\t\t\t\t\t<h2 class=\"title\"><a href=\"https:\/\/adusteeldoor.com.tr\/tr\/%d8%a7%d9%84%d8%a3%d8%a8%d9%88%d8%a7%d8%a8-%d8%a7%d9%84%d9%85%d8%b5%d9%81%d8%ad%d8%a9-%d9%88%d8%a3%d9%87%d9%85%d9%8a%d8%aa%d9%87%d8%a7-%d9%81%d9%8a-%d8%aa%d8%a3%d9%85%d9%8a%d9%86-%d8%a7%d9%84%d9%85\/\" title=\"Z\u0131rhl\u0131 kap\u0131lar ve evlerin ve ofislerin g\u00fcvenli\u011findeki \u00f6nemi\">Z\u0131rhl\u0131 kap\u0131lar ve evlerin ve ofislerin g\u00fcvenli\u011findeki \u00f6nemi<\/a><\/h2>\r\n\t\t\t\t\t\t\t\t\t\t\t\t\t\t\t\t\t\t\t\t\t\t\t\r\n\r\n\t\t\t\t\t\t\t\t\t\t\t\t\t\t\t\t\t\t\t\t<div class=\"post-date\">\r\n\t\t\t\t\t\t\t\t\t\t\t\t<span class=\"post-date-item\">\r\n\t\t\t\t\t\t\t\t\t\t\t\t\t\t\t\t\t\t\t\t\t\t\t\t\t\t<a href=\"https:\/\/adusteeldoor.com.tr\/tr\/07\/04\/2022\/\">Nisan 7, 2022<\/a>\r\n\t\t\t\t\t\t\t\t\t\t\t\t<\/span>\r\n\t\t\t\t\t\t\t\t\t\t\t<\/div>\r\n\t\t\t\t\t\t\t\t\t\t\t\t\t\t\t\t\t\t\t\r\n\t\t\t\t\t\t\t\t\t\t\t\t\t\t\t\r\n\t\t\t\t\t\t\t\t<\/div>\t\t\t\t\t\t\r\n\t\t\t\t\t\t\t<\/div>\r\n\t\t\t\t\t\t<\/div>\t\t\t\t\t\t\r\n\t\t\t\t\t\t\t\t\t\t\t\r\n\t\t\t\t\t\t<div class=\"item\">\r\n\t\t\t\t\t\t\t<div class=\"entry blog-post\">\r\n\t\t\t\t\t\t\t\t\t\t\t\t\t\t\t\t\r\n\t\t\t\t\t\t\t\t\t<div class=\"featured-post\">\r\n\t\t\t\t\t\t\t\t\t\t<a href=\"https:\/\/adusteeldoor.com.tr\/tr\/%d8%a7%d9%84%d8%a3%d8%a8%d9%88%d8%a7%d8%a8-%d8%a7%d9%84%d8%b2%d8%ac%d8%a7%d8%ac%d9%8a%d8%a9-%d9%84%d9%85%d8%b3%d8%a9-%d9%85%d9%86-%d8%a7%d9%84%d8%a3%d9%86%d8%a7%d9%82%d8%a9-%d9%88%d8%a7%d9%84%d9%88\/\">\r\n\t\t\t\t\t\t\t\t\t\t\t<img decoding=\"async\" src=\"https:\/\/adusteeldoor.com.tr\/wp-content\/uploads\/2022\/04\/post1-min-1024x692-1-1.jpg\" alt=\"image\">\t\t\t\t\t\t\t\t\t\t\t<span class=\"blog-plus\"><\/span>\r\n\t\t\t\t\t\t\t\t\t\t<\/a>\r\n\t\t\t\t\t\t\t\t\t<\/div>\r\n\t\t\t\t\t\t\t\t\t\t\t\t\t\t\t\t\r\n\t\t\t\t\t\t\t\t<div class=\"content\">\r\n\t\t\t\t\t\t\t\t\t\t\t\t\t\t\t\t\t\t\t\t\r\n\t\t\t\t\t\t\t\t\t\t\t\r\n\t\t\t\t\t\t\t\t\t\t\t\r\n\r\n\t\t\t\t\t\t\t\t\t\t\t\t\t\t\t\t\t\t\t<h2 class=\"title\"><a href=\"https:\/\/adusteeldoor.com.tr\/tr\/%d8%a7%d9%84%d8%a3%d8%a8%d9%88%d8%a7%d8%a8-%d8%a7%d9%84%d8%b2%d8%ac%d8%a7%d8%ac%d9%8a%d8%a9-%d9%84%d9%85%d8%b3%d8%a9-%d9%85%d9%86-%d8%a7%d9%84%d8%a3%d9%86%d8%a7%d9%82%d8%a9-%d9%88%d8%a7%d9%84%d9%88\/\" title=\"Cam kap\u0131lar zarafet ve \u00e7ok i\u015flevlili\u011fin bir dokunu\u015fudur\">Cam kap\u0131lar zarafet ve \u00e7ok i\u015flevlili\u011fin bir dokunu\u015fudur<\/a><\/h2>\r\n\t\t\t\t\t\t\t\t\t\t\t\t\t\t\t\t\t\t\t\t\t\t\t\r\n\r\n\t\t\t\t\t\t\t\t\t\t\t\t\t\t\t\t\t\t\t\t<div class=\"post-date\">\r\n\t\t\t\t\t\t\t\t\t\t\t\t<span class=\"post-date-item\">\r\n\t\t\t\t\t\t\t\t\t\t\t\t\t\t\t\t\t\t\t\t\t\t\t\t\t\t<a href=\"https:\/\/adusteeldoor.com.tr\/tr\/07\/04\/2022\/\">Nisan 7, 2022<\/a>\r\n\t\t\t\t\t\t\t\t\t\t\t\t<\/span>\r\n\t\t\t\t\t\t\t\t\t\t\t<\/div>\r\n\t\t\t\t\t\t\t\t\t\t\t\t\t\t\t\t\t\t\t\r\n\t\t\t\t\t\t\t\t\t\t\t\t\t\t\t\r\n\t\t\t\t\t\t\t\t<\/div>\t\t\t\t\t\t\r\n\t\t\t\t\t\t\t<\/div>\r\n\t\t\t\t\t\t<\/div>\t\t\t\t\t\t\r\n\t\t\t\t\t\t\t\t\t\t\t\r\n\t\t\t\t\t\t<div class=\"item\">\r\n\t\t\t\t\t\t\t<div class=\"entry blog-post\">\r\n\t\t\t\t\t\t\t\t\t\t\t\t\t\t\t\t\r\n\t\t\t\t\t\t\t\t\t<div class=\"featured-post\">\r\n\t\t\t\t\t\t\t\t\t\t<a href=\"https:\/\/adusteeldoor.com.tr\/tr\/%d8%a3%d8%a8%d9%88%d8%a7%d8%a8-%d8%a7%d9%84%d8%ad%d8%b1%d9%8a%d9%82-%d8%ad%d9%85%d8%a7%d9%8a%d8%aa%d9%83-%d8%a7%d9%84%d9%85%d8%ab%d9%84%d9%89-%d9%81%d9%8a-%d8%a7%d9%84%d8%a3%d9%88%d9%82%d8%a7%d8%aa\/\">\r\n\t\t\t\t\t\t\t\t\t\t\t<img decoding=\"async\" src=\"https:\/\/adusteeldoor.com.tr\/wp-content\/uploads\/2022\/04\/post1-min-1024x692-2.jpg\" alt=\"image\">\t\t\t\t\t\t\t\t\t\t\t<span class=\"blog-plus\"><\/span>\r\n\t\t\t\t\t\t\t\t\t\t<\/a>\r\n\t\t\t\t\t\t\t\t\t<\/div>\r\n\t\t\t\t\t\t\t\t\t\t\t\t\t\t\t\t\r\n\t\t\t\t\t\t\t\t<div class=\"content\">\r\n\t\t\t\t\t\t\t\t\t\t\t\t\t\t\t\t\t\t\t\t\r\n\t\t\t\t\t\t\t\t\t\t\t\r\n\t\t\t\t\t\t\t\t\t\t\t\r\n\r\n\t\t\t\t\t\t\t\t\t\t\t\t\t\t\t\t\t\t\t<h2 class=\"title\"><a href=\"https:\/\/adusteeldoor.com.tr\/tr\/%d8%a3%d8%a8%d9%88%d8%a7%d8%a8-%d8%a7%d9%84%d8%ad%d8%b1%d9%8a%d9%82-%d8%ad%d9%85%d8%a7%d9%8a%d8%aa%d9%83-%d8%a7%d9%84%d9%85%d8%ab%d9%84%d9%89-%d9%81%d9%8a-%d8%a7%d9%84%d8%a3%d9%88%d9%82%d8%a7%d8%aa\/\" title=\"Yang\u0131n kap\u0131lar\u0131 kritik zamanlarda optimum koruman\u0131zd\u0131r\">Yang\u0131n kap\u0131lar\u0131 kritik zamanlarda optimum koruman\u0131zd\u0131r<\/a><\/h2>\r\n\t\t\t\t\t\t\t\t\t\t\t\t\t\t\t\t\t\t\t\t\t\t\t\r\n\r\n\t\t\t\t\t\t\t\t\t\t\t\t\t\t\t\t\t\t\t\t<div class=\"post-date\">\r\n\t\t\t\t\t\t\t\t\t\t\t\t<span class=\"post-date-item\">\r\n\t\t\t\t\t\t\t\t\t\t\t\t\t\t\t\t\t\t\t\t\t\t\t\t\t\t<a href=\"https:\/\/adusteeldoor.com.tr\/tr\/07\/04\/2022\/\">Nisan 7, 2022<\/a>\r\n\t\t\t\t\t\t\t\t\t\t\t\t<\/span>\r\n\t\t\t\t\t\t\t\t\t\t\t<\/div>\r\n\t\t\t\t\t\t\t\t\t\t\t\t\t\t\t\t\t\t\t\r\n\t\t\t\t\t\t\t\t\t\t\t\t\t\t\t\r\n\t\t\t\t\t\t\t\t<\/div>\t\t\t\t\t\t\r\n\t\t\t\t\t\t\t<\/div>\r\n\t\t\t\t\t\t<\/div>\t\t\t\t\t\t\r\n\t\t\t\t\t\t\t\t\t\t\t\t\t\t\t\t<\/div>\r\n\t\t\t\t\t\t<\/div>\n\t\t\t\t<\/div>\n\t\t\t\t\t<\/div>\n\t\t<\/div>\n\t\t\t\t\t<\/div>\n\t\t<\/section>\n\t\t\t\t<\/div>","protected":false},"excerpt":{"rendered":"<p>\u0634\u0631\u0643\u0629 \u0623\u062f\u0648 \u0644\u0644\u0623\u0628\u0648\u0627\u0628 \u0647\u064a \u0634\u0631\u0643\u0629 \u0631\u0627\u0626\u062f\u0629 \u0641\u064a \u0635\u0646\u0627\u0639\u0629 \u0627\u0644\u0623\u0628\u0648\u0627\u0628 \u0627\u0644\u0645\u0635\u0641\u062d\u0629 \u0644\u0644\u0645\u0628\u0627\u0646\u064a \u0627\u0644\u0633\u0643\u0646\u064a\u0629 \u0648\u0627\u0644\u062a\u062c\u0627\u0631\u064a\u0629 \u0641\u064a \u0645\u0633\u0627\u062d\u0629 \u0666 \u0627\u0644\u0641 \u0645\u062a\u0631 \u0645\u0631\u0628\u0639 \u0641\u064a \u0627\u0644\u0645\u062f\u064a\u0646\u0629 \u0627\u0644\u0635\u0646\u0627\u0639\u064a\u0629 \u0641\u064a \u0645\u062f\u064a\u0646\u0629 \u0642\u064a\u0635\u0631\u064a \u0648\u062a\u0639\u062f \u0627\u0644\u0634\u0631\u0643\u0629 \u0645\u0646 \u0627\u0644\u0634\u0631\u0643\u0627\u062a \u0627\u0644\u0645\u0646\u0627\u0641\u0633\u0629 \u0639\u0644\u0649 \u0627\u0644\u0635\u0639\u064a\u062f \u0627\u0644\u0645\u062d\u0644\u064a [&hellip;]<\/p>\n","protected":false},"author":1,"featured_media":0,"parent":0,"menu_order":0,"comment_status":"closed","ping_status":"closed","template":"","meta":{"om_disable_all_campaigns":false,"_monsterinsights_skip_tracking":false,"_monsterinsights_sitenote_active":false,"_monsterinsights_sitenote_note":"","_monsterinsights_sitenote_category":0,"_uf_show_specific_survey":0,"_uf_disable_surveys":false,"footnotes":""},"class_list":["post-4672","page","type-page","status-publish","hentry"],"aioseo_notices":[],"_links":{"self":[{"href":"https:\/\/adusteeldoor.com.tr\/tr\/wp-json\/wp\/v2\/pages\/4672","targetHints":{"allow":["GET"]}}],"collection":[{"href":"https:\/\/adusteeldoor.com.tr\/tr\/wp-json\/wp\/v2\/pages"}],"about":[{"href":"https:\/\/adusteeldoor.com.tr\/tr\/wp-json\/wp\/v2\/types\/page"}],"author":[{"embeddable":true,"href":"https:\/\/adusteeldoor.com.tr\/tr\/wp-json\/wp\/v2\/users\/1"}],"replies":[{"embeddable":true,"href":"https:\/\/adusteeldoor.com.tr\/tr\/wp-json\/wp\/v2\/comments?post=4672"}],"version-history":[{"count":18,"href":"https:\/\/adusteeldoor.com.tr\/tr\/wp-json\/wp\/v2\/pages\/4672\/revisions"}],"predecessor-version":[{"id":4836,"href":"https:\/\/adusteeldoor.com.tr\/tr\/wp-json\/wp\/v2\/pages\/4672\/revisions\/4836"}],"wp:attachment":[{"href":"https:\/\/adusteeldoor.com.tr\/tr\/wp-json\/wp\/v2\/media?parent=4672"}],"curies":[{"name":"wp","href":"https:\/\/api.w.org\/{rel}","templated":true}]}}